{"id":147,"date":"2017-07-06T13:34:10","date_gmt":"2017-07-06T11:34:10","guid":{"rendered":"http:\/\/es-pe.eu\/?page_id=147"},"modified":"2020-10-16T18:08:38","modified_gmt":"2020-10-16T16:08:38","slug":"datenschutz","status":"publish","type":"page","link":"https:\/\/es-pe.eu\/en\/datenschutz\/","title":{"rendered":"Datenschutz"},"content":{"rendered":"<h2>Data protection<\/h2>\n<h3>\n<span title=\"Information \u00fcber die Erhebung personenbezogener Daten \">Information about the collection of personal data<\/span><\/h3>\n<p><span title=\"Information \u00fcber die Erhebung personenbezogener Daten \"><br \/>\n<\/span><span title=\"Im Folgenden informieren wir \u00fcber die Erhebung personenbezogener Daten bei Nutzung unserer Website.\">In the following we inform about the collection of personal data when using our website. <\/span><span title=\"Personenbezogene Daten sind alle Daten, die auf Sie pers\u00f6nlich beziehbar sind, z.\">Personal data is all data that is personally available to you, eg. <\/span><span title=\"B. Name, Adresse, E-Mail-Adressen, Nutzerverhalten. \">Name, address, e-mail addresses, user behavior.<br \/>\n<\/span><span title=\"Verantwortlicher gem.\">Responsible acc. <\/span><span title=\"Art. 4 Abs. 7 EU-Datenschutz-Grundverordnung (DS-GVO) ist \">Art. 4 para. 7 EU General Data Protection Regulation (DS-GVO)<br \/>\n<\/span><span title=\"ES-PE GmbH \">ES-PE GmbH<br \/>\n<\/span><span title=\"Lilienstra\u00dfe 37 \">Lilienstra\u00dfe 37<br \/>\n<\/span><span title=\"45133 Essen \">45133 Essen<br \/>\n<\/span><span title=\"info@es-pe.eu \">info@es-pe.eu<br \/>\n<\/span><span title=\"(siehe unser Impressum) \">(see our imprint)<br \/>\n<\/span><span title=\"Unseren Datenschutzbeauftragten, Christian Hamacher, erreichen Sie unter info@es-pe.eu oder unserer Postadresse mit dem Zusatz &quot;der Datenschutzbeauftragte&quot;. \">Our data protection officer, Christian Hamacher, can be reached at info@es-pe.eu or our postal address with the addition &#8220;the data protection officer&#8221;.<\/span><\/p>\n<h3><span id=\"result_box\" lang=\"en\" tabindex=\"-1\"><span title=\"Ihre Rechte \">Your rights<\/span><\/span><\/h3>\n<p><span id=\"result_box\" lang=\"en\" tabindex=\"-1\"><span title=\"Ihre Rechte \"><br \/>\n<\/span><span title=\"Sie haben gegen\u00fcber uns folgende Rechte hinsichtlich der Sie betreffenden personenbezogenen Daten: \">You have the following rights with respect to the personal data concerning you:<br \/>\n<\/span><span title=\"\u2022 Recht auf Auskunft, \">\u2022 right to information,<br \/>\n<\/span><span title=\"\u2022 Recht auf Berichtigung oder L\u00f6schung, \">\u2022 right to rectification or deletion,<br \/>\n<\/span><span title=\"\u2022 Recht auf Einschr\u00e4nkung der Verarbeitung, \">\u2022 right to restriction of processing,<br \/>\n<\/span><span title=\"\u2022 Recht auf Widerspruch gegen die Verarbeitung, \">\u2022 right to object to the processing,<br \/>\n<\/span><span title=\"\u2022 Recht auf Daten\u00fcbertragbarkeit. \">\u2022 Right to data portability.<br \/>\n<\/span><span title=\"Sie haben zudem das Recht, sich bei einer Datenschutz-Aufsichtsbeh\u00f6rde \u00fcber die Verarbeitung Ihrer personenbezogenen Daten durch uns zu beschweren. \">You also have the right to complain to us about the processing of your personal data by a data protection supervisory authority.<br \/>\n<\/span><span title=\"Erhebung personenbezogener Daten bei Besuch unserer Website \">Collection of personal data when visiting our website<br \/>\n<\/span><span title=\"Bei der blo\u00df informatorischen Nutzung der Website, also wenn Sie sich nicht registrieren oder uns anderweitig Informationen \u00fcbermitteln, erheben wir nur die personenbezogenen Daten, die Ihr Browser an unseren Server \u00fcbermittelt.\">In the case of merely informative use of the website, ie if you do not register or otherwise provide us with information, we only collect the personal data that your browser transmits to our server. <\/span><span title=\"Wenn Sie unsere Website betrachten m\u00f6chten, erheben wir die folgenden Daten, die f\u00fcr uns technisch erforderlich sind, um Ihnen unsere Website anzuzeigen und die Stabilit\u00e4t und Sicherheit zu gew\u00e4hrleisten (Rechtsgrundlage ist Art. 6 Abs. 1 S. 1 lit. f DS-GVO\">If you wish to view our website, we collect the following data, which is technically necessary for us to display our website and to ensure the stability and security (legal basis is Art. 6 (1) sentence 1 DS-GVO <\/span><span title=\"): \">):<br \/>\n<\/span><span title=\"\u2022 IP-Adresse, \">\u2022 IP address,<br \/>\n<\/span><span title=\"\u2022 Datum und Uhrzeit der Anfrage, \">\u2022 date and time of request,<br \/>\n<\/span><span title=\"\u2022 Zeitzonendifferenz zur Greenwich Mean Time (GMT), \">Time zone difference to Greenwich Mean Time (GMT),<br \/>\n<\/span><span title=\"\u2022 Inhalt der Anforderung (konkrete Seite), \">\u2022 content of the request (concrete page),<br \/>\n<\/span><span title=\"\u2022 Zugriffsstatus\/HTTP-Statuscode, \">\u2022 Access Status \/ HTTP status code<br \/>\n<\/span><span title=\"\u2022 jeweils \u00fcbertragene Datenmenge, \">\u2022 each transferred amount of data,<br \/>\n<\/span><span title=\"\u2022 Website, von der die Anforderung kommt, \">\u2022 website from which the request comes<br \/>\n<\/span><span title=\"\u2022 Browser, \">\u2022 Browser,<br \/>\n<\/span><span title=\"\u2022 Betriebssystem und dessen Oberfl\u00e4che, \">\u2022 operating system and its interface,<br \/>\n<\/span><span title=\"\u2022 Sprache und Version der Browsersoftware. \">\u2022 Language and version of the browser software.<br \/>\n<\/span><span title=\"Zus\u00e4tzlich zu den zuvor genannten Daten werden bei Ihrer Nutzung unserer Website Cookies auf Ihrem Rechner gespeichert.\">In addition to the aforementioned data, cookies are stored on your computer when you use our website. <\/span><span title=\"Bei Cookies handelt es sich um kleine Textdateien, die auf Ihrer Festplatte dem von Ihnen verwendeten Browser zugeordnet gespeichert werden und durch welche der Stelle, die den Cookie setzt (hier durch uns), bestimmte Informationen zuflie\u00dfen.\">Cookies are small text files that are stored on your hard drive assigned to the browser you are using and by which the body that sets the cookie (here through us) receives certain information. <\/span><span title=\"Cookies k\u00f6nnen keine Programme ausf\u00fchren oder Viren auf Ihren Computer \u00fcbertragen.\">Cookies can not run programs or transmit viruses to your computer. <\/span><span title=\"Sie dienen dazu, das Internetangebot insgesamt nutzerfreundlicher und effektiver zu machen. \">They serve to make the Internet offer more user-friendly and effective overall.<\/span><\/span><\/p>\n<h3><span id=\"result_box\" lang=\"en\" tabindex=\"-1\"><span title=\"Sie dienen dazu, das Internetangebot insgesamt nutzerfreundlicher und effektiver zu machen. \"><br \/>\n<\/span><span title=\"Einsatz von Cookies: \">Use of cookies:<\/span><\/span><\/h3>\n<p><span id=\"result_box\" lang=\"en\" tabindex=\"-1\"><span title=\"Einsatz von Cookies: \"><br \/>\n<\/span><span title=\"Diese Website nutzt folgende Arten von Cookies, deren Umfang und Funktionsweise im Folgenden erl\u00e4utert werden: \">This website uses the following types of cookies, the scope and operation of which are explained below:<br \/>\n<\/span><span title=\"\u2022 Transiente Cookies \">\u2022 Transient Cookies, <\/span><\/span><span id=\"result_box\" lang=\"en\" tabindex=\"-1\"><span title=\"\u2022 Persistente Cookies. \">Persistent cookies.<br \/>\n<\/span><span title=\"Transiente Cookies werden automatisiert gel\u00f6scht, wenn Sie den Browser schlie\u00dfen.\">Transient cookies are automatically deleted when you close the browser. <\/span><span title=\"Dazu z\u00e4hlen insbesondere die Session-Cookies.\">These include in particular the session cookies. <\/span><span title=\"Diese speichern eine sogenannte Session-ID, mit welcher sich verschiedene Anfragen Ihres Browsers der gem\">These store a so-called session ID, with which various requests of your browser.<\/span><\/span><\/p>\n<p><span id=\"result_box\" lang=\"en\" tabindex=\"-1\"><span title=\"Dazu z\u00e4hlen insbesondere die Session-Cookies.\">These include in particular the session cookies. <\/span><span title=\"Diese speichern eine sogenannte Session-ID, mit welcher sich verschiedene Anfragen Ihres Browsers der gemeinsamen Sitzung zuordnen lassen.\">These store a so-called session ID, with which various requests from your browser can be assigned to the common session. <\/span><span title=\"Dadurch kann Ihr Rechner wiedererkannt werden, wenn Sie auf unsere Website zur\u00fcckkehren.\">This will allow your computer to be recognized when you return to our website. <\/span><span title=\"Die Session-Cookies werden gel\u00f6scht, wenn Sie sich ausloggen oder den Browser schlie\u00dfen. \">The session cookies are deleted when you log out or close the browser.<br \/>\n<\/span><span title=\"Persistente Cookies werden automatisiert nach einer vorgegebenen Dauer gel\u00f6scht, die sich je nach Cookie unterscheiden kann.\">Persistent cookies are automatically deleted after a specified period, which may differ depending on the cookie. <\/span><span title=\"Sie k\u00f6nnen die Cookies in den Sicherheitseinstellungen Ihres Browsers jederzeit l\u00f6schen. \">You can delete the cookies in the security settings of your browser at any time.<br \/>\n<\/span><span title=\"Sie k\u00f6nnen Ihre Browser-Einstellung entsprechend Ihren W\u00fcnschen konfigurieren und z.\">You can configure your browser setting according to your wishes. <\/span><span title=\"B. die Annahme von Third-Party-Cookies oder allen Cookies ablehnen.\">B. decline the acceptance of third-party cookies or all cookies. <\/span><span title=\"Wir weisen Sie darauf hin, dass Sie eventuell nicht alle Funktionen dieser Website nutzen k\u00f6nnen. \">Please be aware that you may not be able to use all features of this site.<br \/>\n<\/span><span title=\"Wir setzen Cookies ein, um Sie f\u00fcr Folgebesuche identifizieren zu k\u00f6nnen, falls Sie \u00fcber einen Account bei uns verf\u00fcgen.\">We use cookies to identify you for follow-up visits if you have an account with us. <\/span><span title=\"Andernfalls m\u00fcssten Sie sich f\u00fcr jeden Besuch erneut einloggen. \">Otherwise you would have to log in again for each visit.<br \/>\n<\/span><span title=\"Weitere Funktionen und Angebote unserer Website \">More features and offers of our website<br \/>\n<\/span><span title=\"Neben der rein informatorischen Nutzung unserer Website bieten wir verschiedene Leistungen an, die Sie bei Interesse nutzen k\u00f6nnen.\">In addition to the purely informative use of our website, we offer various services that you can use if you are interested. <\/span><span title=\"Dazu m\u00fcssen Sie in der Regel weitere personenbezogene Daten angeben, die wir zur Erbringung der jeweiligen Leistung nutzen und f\u00fcr die die zuvor genannten Grunds\u00e4tze zur Datenverarbeitung gelten. \">To do this, you will generally need to provide other personal information that we use to provide the service and for which the aforementioned data processing principles apply.<br \/>\n<\/span><span title=\"Teilweise bedienen wir uns zur Verarbeitung Ihrer Daten externer Dienstleister.\">In part, we use to process your data from external service providers. <\/span><span title=\"Diese wurden von uns sorgf\u00e4ltig ausgew\u00e4hlt und beauftragt, sind an unsere Weisungen gebunden und werden regelm\u00e4\u00dfig kontrolliert. \">These have been carefully selected and commissioned by us, are bound by our instructions and are regularly inspected.<br \/>\n<\/span><span title=\"Widerspruch oder Widerruf gegen die Verarbeitung Ihrer Daten \">Opposition or revocation against the processing of your data<br \/>\n<\/span><span title=\"Falls Sie eine Einwilligung zur Verarbeitung Ihrer Daten erteilt haben, k\u00f6nnen Sie diese jederzeit widerrufen.\">If you have given your consent to the processing of your data, you can revoke them at any time. <\/span><span title=\"Ein solcher Widerruf beeinflusst die Zul\u00e4ssigkeit der Verarbeitung Ihrer personenbezogenen Daten, nachdem Sie ihn gegen\u00fcber uns ausgesprochen haben.\">Such revocation will affect the admissibility of the processing of your personal data after you have given it to us.<\/span><\/span><\/p>\n<p><span id=\"result_box\" lang=\"en\" tabindex=\"-1\"><span title=\"Soweit wir die Verarbeitung Ihrer personenbezogenen Daten auf die Interessenabw\u00e4gung st\u00fctzen, k\u00f6nnen Sie Widerspruch gegen die Verarbeitung einlegen.\">Insofar as we base the processing of your personal data on the balance of interests, you may object to the processing. <\/span><span title=\"Dies ist der Fall, wenn die Verarbeitung insbesondere nicht zur Erf\u00fcllung eines Vertrags mit Ihnen erforderlich ist, was von uns jeweils bei der nachfolgenden Beschreibung der Funktionen dargestellt wird.\">This is the case if, in particular, the processing is not required to fulfill a contract with you, which we describe in each case in the following description of the functions. <\/span><span title=\"Bei Aus\u00fcbung eines solchen Widerspruchs bitten wir um Darlegung der Gr\u00fcnde, weshalb wir Ihre personenbezogenen Daten nicht wie von uns durchgef\u00fchrt verarbeiten sollten.\">In the event of such a disagreement, we ask you to explain the reasons why we should not process your personal data as we have done. <\/span><span title=\"Im Falle Ihres begr\u00fcndeten Widerspruchs pr\u00fcfen wir die Sachlage und werden entweder die Datenverarbeitung einstellen bzw. anpassen oder Ihnen unsere zwingenden schutzw\u00fcrdigen Gr\u00fcnde aufzeigen, aufgrund derer wir die Verarbeitung fortf\u00fchren. \">In the case of your justified objection, we will examine the situation and will either discontinue or adapt the data processing or point out to you our compelling legitimate reasons on which we continue the processing.<br \/>\n<\/span><span title=\"Selbstverst\u00e4ndlich k\u00f6nnen Sie der Verarbeitung Ihrer personenbezogenen Daten f\u00fcr Zwecke der Werbung und Datenanalyse jederzeit widersprechen.\">Of course, you may object to the processing of your personal data for advertising and data analysis purposes at any time. <\/span><span title=\"\u00dcber Ihren Werbewiderspruch k\u00f6nnen Sie uns unter folgenden Kontaktdaten informieren: \">About your advertising conflict you can inform us under the following contact details:<br \/>\n<\/span><span title=\"ES-PE GmbH \">ES-PE GmbH<br \/>\n<\/span><span title=\"Lilienstra\u00dfe 37 \">Lilienstra\u00dfe 37<br \/>\n<\/span><span title=\"45133 Essen \">45133 Essen<br \/>\n<\/span><span title=\"info@es-pe.eu \">info@es-pe.eu<\/span><\/span><\/p>\n<h3><span id=\"result_box\" lang=\"en\" tabindex=\"-1\"><span title=\"info@es-pe.eu \"><br \/>\n<\/span><span title=\"Web Analytics \">Web analytics<\/span><\/span><\/h3>\n<p><span id=\"result_box\" lang=\"en\" tabindex=\"-1\"><span title=\"Einsatz von Google Analytics \"><strong>Use of Google Analytics<\/strong><br \/>\n<\/span><span title=\"Diese Website benutzt Google Analytics, einen Webanalysedienst der Google Inc. (&quot;Google&quot;).\">This website uses Google Analytics, a web analytics service provided by Google Inc. (&#8220;Google&#8221;). <\/span><span title=\"Google Analytics verwendet sog. &quot;Cookies&quot;, Textdateien, die auf Ihrem Computer gespeichert werden und die eine Analyse der Benutzung der Website durch Sie erm\u00f6glichen.\">Google Analytics uses so-called &#8220;cookies&#8221;, text files that are stored on your computer and that allow an analysis of the use of the website by you. <\/span><span title=\"Die durch den Cookie erzeugten Informationen \u00fcber Ihre Benutzung dieser Website werden in der Regel an einen Server von Google in den USA \u00fcbertragen und dort gespeichert.\">The information generated by the cookie about your use of this website is usually transmitted to a Google server in the USA and stored there. <\/span><span title=\"Im Falle der Aktivierung der IP-Anonymisierung auf dieser Website, wird Ihre IP-Adresse von Google jedoch innerhalb von Mitgliedstaaten der Europ\u00e4ischen Union oder in anderen Vertragsstaaten des Abkommens \u00fcber den Europ\u00e4ischen Wirtschaftsraum zuvor gek\u00fcrzt.\">However, in the event of activation of IP anonymisation on this website, your IP address will be shortened beforehand by Google within member states of the European Union or in other contracting states of the Agreement on the European Economic Area. <\/span><span title=\"Nur in Ausnahmef\u00e4llen wird die volle IP-Adresse an einen Server von Google in den USA \u00fcbertragen und dort gek\u00fcrzt.\">Only in exceptional cases will the full IP address be sent to a Google server in the US and shortened there. <\/span><span title=\"Im Auftrag des Betreibers dieser Website wird Google diese Informationen benutzen, um Ihre Nutzung der Website auszuwerten, um Reports \u00fcber die Website-Aktivit\u00e4ten zusammenzustellen und um weitere mit der Website-Nutzung und der Internetnutzung verbundene Dienstleistungen gegen\u00fcber dem Website-Betreiber zu erbringen. \">On behalf of the operator of this website, Google will use this information to evaluate your use of the website, to compile reports on website activity and to provide other services related to website usage and internet usage to the website operator.<br \/>\n<\/span><span title=\"Die im Rahmen von Google Analytics von Ihrem Browser \u00fcbermittelte IP-Adresse wird nicht mit anderen Daten von Google zusammengef\u00fchrt. \">The IP address provided by Google Analytics as part of Google Analytics will not be merged with other Google data.<br \/>\n<\/span><span title=\"Sie k\u00f6nnen die Speicherung der Cookies durch eine entsprechende Einstellung Ihrer Browser-Software verhindern;\">You can prevent the storage of cookies by a corresponding setting of your browser software; <\/span><span title=\"wir weisen Sie jedoch darauf hin, dass Sie in diesem Fall gegebenenfalls nicht s\u00e4mtliche Funktionen dieser Website vollumf\u00e4nglich werden nutzen k\u00f6nnen.\">however, please note that if you do this, you may not be able to use all the features of this website to the fullest extent possible. <\/span><span title=\"Sie k\u00f6nnen dar\u00fcber hinaus die Erfassung der durch das Cookie erzeugten und auf Ihre Nutzung der Website bezogenen Daten (inkl. Ihrer IP-Adresse) an Google sowie die Verarbeitung dieser Daten durch Google verhindern, indem sie das unter dem folgenden Link verf\u00fcgbare Browser-Plug-\">You may also prevent the collection by Google of the data generated by the cookie and related to your use of the website (including your IP address) as well as the processing of this data by Google by using the browser plug-in available under the following link. <\/span><span title=\"in herunterladen und installieren. \">in download and install.<br \/>\n<\/span><span title=\"Diese Website verwendet Google Analytics mit der Erweiterung &quot;_anonymizeIp()&quot;.\">This website uses Google Analytics with the extension &#8220;_anonymizeIp ()&#8221;. <\/span><\/span><\/p>\n<p><span id=\"result_box\" lang=\"en\" tabindex=\"-1\"><span title=\"Dadurch werden IP-Adressen gek\u00fcrzt weiterverarbeitet, eine Personenbeziehbarkeit kann damit ausgeschlossen werden.\">As a result, IP addresses are processed shortened, a person-relatedness can be excluded. <\/span><span title=\"Soweit den \u00fcber Sie erhobenen Daten ein Personenbezug zukommt, wird dieser also sofort ausgeschlossen und die personenbezogenen Daten damit umgehend gel\u00f6scht. \">Insofar as the data collected about you is assigned a personal reference, it will be immediately excluded and the personal data will be deleted immediately.<br \/>\n<\/span><span title=\"Wir nutzen Google Analytics, um die Nutzung unserer Website analysieren und regelm\u00e4\u00dfig verbessern zu k\u00f6nnen.\">We use Google Analytics to analyze and regularly improve the use of our website. <\/span><span title=\"\u00dcber die gewonnenen Statistiken k\u00f6nnen wir unser Angebot verbessern und f\u00fcr Sie als Nutzer interessanter ausgestalten.\">With the statistics we can improve our offer and make it more interesting for you as a user. <\/span><span title=\"F\u00fcr die Ausnahmef\u00e4lle, in denen personenbezogene Daten in die USA \u00fcbertragen werden, hat sich Google dem EU-US Privacy Shield unterworfen.\">For the exceptional cases in which personal data is transferred to the US, Google has submitted to the EU-US Privacy Shield. <\/span><span title=\"Rechtsgrundlage f\u00fcr die Nutzung von Google Analytics ist Art. 6 Abs. 1 S. 1 lit.\">The legal basis for the use of Google Analytics is Art. 6 para. 1 sentence 1 lit. <\/span><span title=\"f DS-GVO. \">f DS-GMO.<br \/>\n<\/span><span title=\"Informationen des Drittanbieters: \">Third-party information:<br \/>\n<\/span><span title=\"Google Dublin, Google Ireland Ltd., Gordon House, Barrow Street, Dublin 4, Ireland, Fax: +353 (1) 436 1001. \">Google Dublin, Google Ireland Ltd., Gordon House, Barrow Street, Dublin 4, Ireland, Fax: +353 (1) 436 1001.<br \/>\n<\/span><span title=\"Nutzerbedingungen, \u00dcbersicht zum Datenschutz, sowie die Datenschutzerkl\u00e4rung. \">Terms of Use, Privacy Policy, Privacy Policy.<br \/>\n<\/span><span title=\"Social Media \">Social media<br \/>\n<\/span><span title=\"Einbindung von Google Maps\">Integration of Google Maps<\/span><\/span><\/p>\n<p><span id=\"result_box\" lang=\"en\" tabindex=\"-1\"><span title=\"Auf dieser Webseite nutzen wir das Angebot von Google Maps.\">On this website we use the offer of Google Maps. <\/span><span title=\"Dadurch k\u00f6nnen wir Ihnen interaktive Karten direkt in der Website anzeigen und erm\u00f6glichen Ihnen die komfortable Nutzung der Karten-Funktion. \">This allows us to show you interactive maps directly in the website and allow you to conveniently use the map feature.<br \/>\n<\/span><span title=\"Durch den Besuch auf der Website erh\u00e4lt Google die Information, dass Sie die entsprechende Unterseite unserer Website aufgerufen haben.\">By visiting the website, Google receives the information that you have accessed the corresponding subpage of our website. <\/span><span title=\"Zudem werden die untenstehend genannten Daten \u00fcbermittelt.\">In addition, the data mentioned below will be transmitted. <\/span><span title=\"Dies erfolgt unabh\u00e4ngig davon, ob Google ein Nutzerkonto bereitstellt, \u00fcber das Sie eingeloggt sind, oder ob kein Nutzerkonto besteht.\">This is done regardless of whether Google provides a user account that you are logged in to, or if there is no user account. <\/span><span title=\"Wenn Sie bei Google eingeloggt sind, werden Ihre Daten direkt Ihrem Konto zugeordnet.\">When you&#8217;re logged in to Google, your data will be assigned directly to your account. <\/span><span title=\"Wenn Sie die Zuordnung mit Ihrem Profil bei Google nicht w\u00fcnschen, m\u00fcssen Sie sich vor Aktivierung des Buttons ausloggen.\">If you do not wish to be associated with your profile on Google, you must log out before activating the button. <\/span><span title=\"Google speichert Ihre Daten als Nutzungsprofile und nutzt sie f\u00fcr Zwecke der Werbung, Marktforschung und\/oder bedarfsgerechten Gestaltung seiner Website.\">Google stores your data as usage profiles and uses them for purposes of advertising, market research and \/ or tailor-made website design. <\/span><span title=\"Eine solche Auswertung erfolgt insbesondere (selbst f\u00fcr nicht eingeloggte Nutzer) zur Erbringung von bedarfsgerechter Werbung und um andere Nutzer des sozialen Netzwerks \u00fcber Ihre Aktivit\u00e4ten auf unserer Website zu informieren.\">Such an evaluation is done in particular (even for users who are not logged in) to provide appropriate advertising and to inform other users of the social network about their activities on our website. <\/span><span title=\"Ihnen steht ein Widerspruchsrecht zu gegen die Bildung dieser Nutzerprofile, wobei Sie sich zur Aus\u00fcbung dessen an Google richten m\u00fcssen. \">You have a right of objection to the formation of these user profiles, and you must comply with this to Google.<br \/>\n<\/span><span title=\"Weitere Informationen zu Zweck und Umfang der Datenerhebung und ihrer Verarbeitung durch den Plug-in-Anbieter erhalten Sie in den Datenschutzerkl\u00e4rungen des Anbieters.\">For more information on the purpose and scope of the data collection and its processing by the plug-in provider, please refer to the provider&#8217;s privacy policy. <\/span><span title=\"Dort erhalten Sie auch weitere Informationen zu Ihren diesbez\u00fcglichen Rechten und Einstellungsm\u00f6glichkeiten zum Schutze Ihrer Privatsph\u00e4re.\">There you will also find further information about your rights and settings options for the protection of your privacy. <\/span><span title=\"Google verarbeitet Ihre personenbezogenen Daten auch in den USA und hat sich dem EU-US-Privacy-Shield unterworfen\">Google also processes your personal information in the US and has submitted to the EU-US Privacy Shield<\/span><\/span>.<\/p>\n<p>&nbsp;<\/p>\n","protected":false},"excerpt":{"rendered":"<p>Data protection Information about the collection of personal data In the following we inform about the collection of personal data when using our website. Personal data is all data that is personally available to you, eg. Name, address, e-mail addresses, user behavior. Responsible acc. Art. 4 para. 7 EU General Data Protection Regulation (DS-GVO) ES-PE [&hellip;]<\/p>\n","protected":false},"author":1,"featured_media":0,"parent":0,"menu_order":0,"comment_status":"open","ping_status":"open","template":"full-width.php","meta":{"footnotes":"","_locale":"en_GB","_original_post":"38"},"_links":{"self":[{"href":"https:\/\/es-pe.eu\/wp-json\/wp\/v2\/pages\/147"}],"collection":[{"href":"https:\/\/es-pe.eu\/wp-json\/wp\/v2\/pages"}],"about":[{"href":"https:\/\/es-pe.eu\/wp-json\/wp\/v2\/types\/page"}],"author":[{"embeddable":true,"href":"https:\/\/es-pe.eu\/wp-json\/wp\/v2\/users\/1"}],"replies":[{"embeddable":true,"href":"https:\/\/es-pe.eu\/wp-json\/wp\/v2\/comments?post=147"}],"version-history":[{"count":5,"href":"https:\/\/es-pe.eu\/wp-json\/wp\/v2\/pages\/147\/revisions"}],"predecessor-version":[{"id":246,"href":"https:\/\/es-pe.eu\/wp-json\/wp\/v2\/pages\/147\/revisions\/246"}],"wp:attachment":[{"href":"https:\/\/es-pe.eu\/wp-json\/wp\/v2\/media?parent=147"}],"curies":[{"name":"wp","href":"https:\/\/api.w.org\/{rel}","templated":true}]}}